{"id":366,"date":"2021-12-16T10:48:16","date_gmt":"2021-12-16T15:48:16","guid":{"rendered":"https:\/\/vivreblum.com\/quartier\/"},"modified":"2023-09-12T12:04:52","modified_gmt":"2023-09-12T16:04:52","slug":"neighbourhood","status":"publish","type":"page","link":"https:\/\/vivreblum.com\/en\/neighbourhood\/","title":{"rendered":"Neighborhood"},"content":{"rendered":"\t\t<div data-elementor-type=\"wp-page\" data-elementor-id=\"366\" class=\"elementor elementor-366 elementor-31\" data-elementor-post-type=\"page\">\n\t\t\t\t\t\t<section class=\"elementor-section elementor-top-section elementor-element elementor-element-8a4f151 elementor-section-height-min-height elementor-section-boxed elementor-section-height-default elementor-section-items-middle\" data-id=\"8a4f151\" data-element_type=\"section\" data-e-type=\"section\" data-settings=\"{&quot;background_background&quot;:&quot;classic&quot;}\">\n\t\t\t\t\t\t<div class=\"elementor-container elementor-column-gap-default\">\n\t\t\t\t\t<div class=\"elementor-column elementor-col-100 elementor-top-column elementor-element elementor-element-82bcf6f\" data-id=\"82bcf6f\" data-element_type=\"column\" data-e-type=\"column\">\n\t\t\t<div class=\"elementor-widget-wrap elementor-element-populated\">\n\t\t\t\t\t\t<div class=\"elementor-element elementor-element-cf71978 elementor-widget__width-initial elementor-widget elementor-widget-heading\" data-id=\"cf71978\" data-element_type=\"widget\" data-e-type=\"widget\" data-widget_type=\"heading.default\">\n\t\t\t\t<div class=\"elementor-widget-container\">\n\t\t\t\t\t<h1 class=\"elementor-heading-title elementor-size-default\">A quiet South Shore neighborhood just steps from the action!<\/h1>\t\t\t\t<\/div>\n\t\t\t\t<\/div>\n\t\t\t\t<div class=\"elementor-element elementor-element-d13b8b3 elementor-widget__width-initial elementor-invisible elementor-widget elementor-widget-text-editor\" data-id=\"d13b8b3\" data-element_type=\"widget\" data-e-type=\"widget\" data-settings=\"{&quot;_animation&quot;:&quot;fadeIn&quot;,&quot;_animation_delay&quot;:600}\" data-widget_type=\"text-editor.default\">\n\t\t\t\t<div class=\"elementor-widget-container\">\n\t\t\t\t\t\t\t\t\t<p>The Bl\u00fcm is located in a quiet district of Brossard just minutes from the renowned Quartier DIX30, the second largest shopping mall in Canada. You can enjoy both the charm and tranquility of the suburbs and the proximity to the services, shops and entertainment of the big city.<\/p>\t\t\t\t\t\t\t\t<\/div>\n\t\t\t\t<\/div>\n\t\t\t\t<div class=\"elementor-element elementor-element-533137b elementor-widget elementor-widget-spacer\" data-id=\"533137b\" data-element_type=\"widget\" data-e-type=\"widget\" data-widget_type=\"spacer.default\">\n\t\t\t\t<div class=\"elementor-widget-container\">\n\t\t\t\t\t\t\t<div class=\"elementor-spacer\">\n\t\t\t<div class=\"elementor-spacer-inner\"><\/div>\n\t\t<\/div>\n\t\t\t\t\t\t<\/div>\n\t\t\t\t<\/div>\n\t\t\t\t\t<\/div>\n\t\t<\/div>\n\t\t\t\t\t<\/div>\n\t\t<\/section>\n\t\t\t\t<section class=\"elementor-section elementor-top-section elementor-element elementor-element-0372e16 elementor-section-boxed elementor-section-height-default elementor-section-height-default\" data-id=\"0372e16\" data-element_type=\"section\" data-e-type=\"section\">\n\t\t\t\t\t\t<div class=\"elementor-container elementor-column-gap-default\">\n\t\t\t\t\t<div class=\"elementor-column elementor-col-25 elementor-top-column elementor-element elementor-element-21c2a9f\" data-id=\"21c2a9f\" data-element_type=\"column\" data-e-type=\"column\" data-settings=\"{&quot;background_background&quot;:&quot;classic&quot;}\">\n\t\t\t<div class=\"elementor-widget-wrap elementor-element-populated\">\n\t\t\t\t\t\t<div class=\"elementor-element elementor-element-6e71d59 elementor-widget elementor-widget-heading\" data-id=\"6e71d59\" data-element_type=\"widget\" data-e-type=\"widget\" data-widget_type=\"heading.default\">\n\t\t\t\t<div class=\"elementor-widget-container\">\n\t\t\t\t\t<h2 class=\"elementor-heading-title elementor-size-default\">TRENDY SHOPPING CENTRE<\/h2>\t\t\t\t<\/div>\n\t\t\t\t<\/div>\n\t\t\t\t<div class=\"elementor-element elementor-element-bf2f323 elementor-widget__width-initial elementor-invisible elementor-widget elementor-widget-text-editor\" data-id=\"bf2f323\" data-element_type=\"widget\" data-e-type=\"widget\" data-settings=\"{&quot;_animation&quot;:&quot;fadeIn&quot;,&quot;_animation_delay&quot;:600}\" data-widget_type=\"text-editor.default\">\n\t\t\t\t<div class=\"elementor-widget-container\">\n\t\t\t\t\t\t\t\t\t<p>Quartier DIX30 offers more than 400 shops in one place for unparalleled shopping trips! All your needs and desires will be met thanks to the countless fashion boutiques, jewellers, specialty stores and other retailers.<\/p>\t\t\t\t\t\t\t\t<\/div>\n\t\t\t\t<\/div>\n\t\t\t\t\t<\/div>\n\t\t<\/div>\n\t\t\t\t<div class=\"elementor-column elementor-col-25 elementor-top-column elementor-element elementor-element-e3f488f\" data-id=\"e3f488f\" data-element_type=\"column\" data-e-type=\"column\" data-settings=\"{&quot;background_background&quot;:&quot;classic&quot;}\">\n\t\t\t<div class=\"elementor-widget-wrap elementor-element-populated\">\n\t\t\t\t\t\t<div class=\"elementor-element elementor-element-3e76f42 elementor-widget elementor-widget-heading\" data-id=\"3e76f42\" data-element_type=\"widget\" data-e-type=\"widget\" data-widget_type=\"heading.default\">\n\t\t\t\t<div class=\"elementor-widget-container\">\n\t\t\t\t\t<h2 class=\"elementor-heading-title elementor-size-default\"><span style=\"white-space: nowrap\">GASTRONOMICAL<br> MEETING PLACE<\/span><\/h2>\t\t\t\t<\/div>\n\t\t\t\t<\/div>\n\t\t\t\t<div class=\"elementor-element elementor-element-10ec9ee elementor-widget__width-initial elementor-invisible elementor-widget elementor-widget-text-editor\" data-id=\"10ec9ee\" data-element_type=\"widget\" data-e-type=\"widget\" data-settings=\"{&quot;_animation&quot;:&quot;fadeIn&quot;,&quot;_animation_delay&quot;:600}\" data-widget_type=\"text-editor.default\">\n\t\t\t\t<div class=\"elementor-widget-container\">\n\t\t\t\t\t\t\t\t\t<p>Restaurants and world cuisines, breweries, pastry shops, chocolate shops, caf\u00e9s, cheese shops, grocery stores\u2026 Gourmets will always have something to eat at Quartier DIX30 and at the future gourmet stop ORB <em>EAT<\/em>.<\/p>\t\t\t\t\t\t\t\t<\/div>\n\t\t\t\t<\/div>\n\t\t\t\t\t<\/div>\n\t\t<\/div>\n\t\t\t\t<div class=\"elementor-column elementor-col-25 elementor-top-column elementor-element elementor-element-ca54cba\" data-id=\"ca54cba\" data-element_type=\"column\" data-e-type=\"column\" data-settings=\"{&quot;background_background&quot;:&quot;classic&quot;}\">\n\t\t\t<div class=\"elementor-widget-wrap elementor-element-populated\">\n\t\t\t\t\t\t<div class=\"elementor-element elementor-element-a79aa8c elementor-widget elementor-widget-heading\" data-id=\"a79aa8c\" data-element_type=\"widget\" data-e-type=\"widget\" data-widget_type=\"heading.default\">\n\t\t\t\t<div class=\"elementor-widget-container\">\n\t\t\t\t\t<h2 class=\"elementor-heading-title elementor-size-default\">BUSTLING LIVING ENVIRONMENT<\/h2>\t\t\t\t<\/div>\n\t\t\t\t<\/div>\n\t\t\t\t<div class=\"elementor-element elementor-element-975cb3f elementor-widget__width-initial elementor-invisible elementor-widget elementor-widget-text-editor\" data-id=\"975cb3f\" data-element_type=\"widget\" data-e-type=\"widget\" data-settings=\"{&quot;_animation&quot;:&quot;fadeIn&quot;,&quot;_animation_delay&quot;:600}\" data-widget_type=\"text-editor.default\">\n\t\t\t\t<div class=\"elementor-widget-container\">\n\t\t\t\t\t\t\t\t\t<p>With family, as a couple or with friends, share a delicious meal at a restaurant, watch the latest movies at the cinema, have a good laugh at a comedy show, watch a play at the caf\u00e9-theatre\u2026 It\u2019s impossible to get bored when there are so many things to do!<\/p>\t\t\t\t\t\t\t\t<\/div>\n\t\t\t\t<\/div>\n\t\t\t\t\t<\/div>\n\t\t<\/div>\n\t\t\t\t<div class=\"elementor-column elementor-col-25 elementor-top-column elementor-element elementor-element-f0043dd\" data-id=\"f0043dd\" data-element_type=\"column\" data-e-type=\"column\" data-settings=\"{&quot;background_background&quot;:&quot;classic&quot;}\">\n\t\t\t<div class=\"elementor-widget-wrap elementor-element-populated\">\n\t\t\t\t\t\t<div class=\"elementor-element elementor-element-c2ff7b7 elementor-widget elementor-widget-heading\" data-id=\"c2ff7b7\" data-element_type=\"widget\" data-e-type=\"widget\" data-widget_type=\"heading.default\">\n\t\t\t\t<div class=\"elementor-widget-container\">\n\t\t\t\t\t<h2 class=\"elementor-heading-title elementor-size-default\">PRIME LOCATION<\/h2>\t\t\t\t<\/div>\n\t\t\t\t<\/div>\n\t\t\t\t<div class=\"elementor-element elementor-element-2474b22 elementor-widget__width-initial elementor-invisible elementor-widget elementor-widget-text-editor\" data-id=\"2474b22\" data-element_type=\"widget\" data-e-type=\"widget\" data-settings=\"{&quot;_animation&quot;:&quot;fadeIn&quot;,&quot;_animation_delay&quot;:600}\" data-widget_type=\"text-editor.default\">\n\t\t\t\t<div class=\"elementor-widget-container\">\n\t\t\t\t\t\t\t\t\t<p>All roads lead to Bl\u00fcm! Conveniently located at the intersection of Highways 10 and 30, near the Chevrier bus terminal and on the way to the highly anticipated R\u00e9seau m\u00e9tropolitain express (REM), the Bl\u00fcm is 15 minutes from Montreal.<\/p>\t\t\t\t\t\t\t\t<\/div>\n\t\t\t\t<\/div>\n\t\t\t\t\t<\/div>\n\t\t<\/div>\n\t\t\t\t\t<\/div>\n\t\t<\/section>\n\t\t\t\t<section class=\"elementor-section elementor-top-section elementor-element elementor-element-a68f7fc elementor-section-full_width elementor-section-height-default elementor-section-height-default\" data-id=\"a68f7fc\" data-element_type=\"section\" data-e-type=\"section\">\n\t\t\t\t\t\t<div class=\"elementor-container elementor-column-gap-default\">\n\t\t\t\t\t<div class=\"elementor-column elementor-col-100 elementor-top-column elementor-element elementor-element-a3e3c4e\" data-id=\"a3e3c4e\" data-element_type=\"column\" data-e-type=\"column\">\n\t\t\t<div class=\"elementor-widget-wrap\">\n\t\t\t\t\t\t\t<\/div>\n\t\t<\/div>\n\t\t\t\t\t<\/div>\n\t\t<\/section>\n\t\t\t\t<\/div>\n\t\t","protected":false},"excerpt":{"rendered":"<p>A quiet South Shore neighborhood just steps from the action! The Bl\u00fcm is located in a quiet district of Brossard just minutes from the renowned Quartier DIX30, the second largest shopping mall in Canada. You can enjoy both the charm and tranquility of the suburbs and the proximity to the services, shops and entertainment of [&hellip;]<\/p>\n","protected":false},"author":9,"featured_media":0,"parent":0,"menu_order":3,"comment_status":"closed","ping_status":"closed","template":"","meta":{"content-type":"","_monsterinsights_skip_tracking":false,"_monsterinsights_sitenote_active":false,"_monsterinsights_sitenote_note":"","_monsterinsights_sitenote_category":0,"footnotes":""},"class_list":["post-366","page","type-page","status-publish","hentry"],"yoast_head":"<!-- This site is optimized with the Yoast SEO plugin v27.2 - https:\/\/yoast.com\/product\/yoast-seo-wordpress\/ -->\n<title>Bl\u00fcm Brossard | Luxury apartments near QuartierDIX30<\/title>\n<meta name=\"description\" content=\"Experience the best of the suburbs and the city by moving into a South Shore Montreal neighborhood located near QuartierDIX30.\" \/>\n<meta name=\"robots\" content=\"index, follow, max-snippet:-1, max-image-preview:large, max-video-preview:-1\" \/>\n<link rel=\"canonical\" href=\"https:\/\/vivreblum.com\/en\/neighbourhood\/\" \/>\n<meta property=\"og:locale\" content=\"en_US\" \/>\n<meta property=\"og:type\" content=\"article\" \/>\n<meta property=\"og:title\" content=\"Bl\u00fcm Brossard | Luxury apartments near QuartierDIX30\" \/>\n<meta property=\"og:description\" content=\"Experience the best of the suburbs and the city by moving into a South Shore Montreal neighborhood located near QuartierDIX30.\" \/>\n<meta property=\"og:url\" content=\"https:\/\/vivreblum.com\/en\/neighbourhood\/\" \/>\n<meta property=\"og:site_name\" content=\"Bl\u00fcm\" \/>\n<meta property=\"article:publisher\" content=\"https:\/\/www.facebook.com\/vivreblum\" \/>\n<meta property=\"article:modified_time\" content=\"2023-09-12T16:04:52+00:00\" \/>\n<meta name=\"twitter:card\" content=\"summary_large_image\" \/>\n<meta name=\"twitter:label1\" content=\"Est. reading time\" \/>\n\t<meta name=\"twitter:data1\" content=\"2 minutes\" \/>\n<script type=\"application\/ld+json\" class=\"yoast-schema-graph\">{\"@context\":\"https:\/\/schema.org\",\"@graph\":[{\"@type\":\"WebPage\",\"@id\":\"https:\/\/vivreblum.com\/en\/neighbourhood\/\",\"url\":\"https:\/\/vivreblum.com\/en\/neighbourhood\/\",\"name\":\"Bl\u00fcm Brossard | Luxury apartments near QuartierDIX30\",\"isPartOf\":{\"@id\":\"https:\/\/vivreblum.com\/en\/#website\"},\"datePublished\":\"2021-12-16T15:48:16+00:00\",\"dateModified\":\"2023-09-12T16:04:52+00:00\",\"description\":\"Experience the best of the suburbs and the city by moving into a South Shore Montreal neighborhood located near QuartierDIX30.\",\"breadcrumb\":{\"@id\":\"https:\/\/vivreblum.com\/en\/neighbourhood\/#breadcrumb\"},\"inLanguage\":\"en-US\",\"potentialAction\":[{\"@type\":\"ReadAction\",\"target\":[\"https:\/\/vivreblum.com\/en\/neighbourhood\/\"]}]},{\"@type\":\"BreadcrumbList\",\"@id\":\"https:\/\/vivreblum.com\/en\/neighbourhood\/#breadcrumb\",\"itemListElement\":[{\"@type\":\"ListItem\",\"position\":1,\"name\":\"Home\",\"item\":\"https:\/\/vivreblum.com\/en\/\"},{\"@type\":\"ListItem\",\"position\":2,\"name\":\"Neighborhood\"}]},{\"@type\":\"WebSite\",\"@id\":\"https:\/\/vivreblum.com\/en\/#website\",\"url\":\"https:\/\/vivreblum.com\/en\/\",\"name\":\"Bl\u00fcm\",\"description\":\"\",\"publisher\":{\"@id\":\"https:\/\/vivreblum.com\/en\/#organization\"},\"potentialAction\":[{\"@type\":\"SearchAction\",\"target\":{\"@type\":\"EntryPoint\",\"urlTemplate\":\"https:\/\/vivreblum.com\/en\/?s={search_term_string}\"},\"query-input\":{\"@type\":\"PropertyValueSpecification\",\"valueRequired\":true,\"valueName\":\"search_term_string\"}}],\"inLanguage\":\"en-US\"},{\"@type\":\"Organization\",\"@id\":\"https:\/\/vivreblum.com\/en\/#organization\",\"name\":\"Le Bl\u00fcm Brossard\",\"url\":\"https:\/\/vivreblum.com\/en\/\",\"logo\":{\"@type\":\"ImageObject\",\"inLanguage\":\"en-US\",\"@id\":\"https:\/\/vivreblum.com\/en\/#\/schema\/logo\/image\/\",\"url\":\"https:\/\/vivreblum.com\/wp-content\/uploads\/2022\/02\/Image-OG_Blum-Brossard.jpg\",\"contentUrl\":\"https:\/\/vivreblum.com\/wp-content\/uploads\/2022\/02\/Image-OG_Blum-Brossard.jpg\",\"width\":1200,\"height\":630,\"caption\":\"Le Bl\u00fcm Brossard\"},\"image\":{\"@id\":\"https:\/\/vivreblum.com\/en\/#\/schema\/logo\/image\/\"},\"sameAs\":[\"https:\/\/www.facebook.com\/vivreblum\"]}]}<\/script>\n<!-- \/ Yoast SEO plugin. -->","yoast_head_json":{"title":"Bl\u00fcm Brossard | Luxury apartments near QuartierDIX30","description":"Experience the best of the suburbs and the city by moving into a South Shore Montreal neighborhood located near QuartierDIX30.","robots":{"index":"index","follow":"follow","max-snippet":"max-snippet:-1","max-image-preview":"max-image-preview:large","max-video-preview":"max-video-preview:-1"},"canonical":"https:\/\/vivreblum.com\/en\/neighbourhood\/","og_locale":"en_US","og_type":"article","og_title":"Bl\u00fcm Brossard | Luxury apartments near QuartierDIX30","og_description":"Experience the best of the suburbs and the city by moving into a South Shore Montreal neighborhood located near QuartierDIX30.","og_url":"https:\/\/vivreblum.com\/en\/neighbourhood\/","og_site_name":"Bl\u00fcm","article_publisher":"https:\/\/www.facebook.com\/vivreblum","article_modified_time":"2023-09-12T16:04:52+00:00","twitter_card":"summary_large_image","twitter_misc":{"Est. reading time":"2 minutes"},"schema":{"@context":"https:\/\/schema.org","@graph":[{"@type":"WebPage","@id":"https:\/\/vivreblum.com\/en\/neighbourhood\/","url":"https:\/\/vivreblum.com\/en\/neighbourhood\/","name":"Bl\u00fcm Brossard | Luxury apartments near QuartierDIX30","isPartOf":{"@id":"https:\/\/vivreblum.com\/en\/#website"},"datePublished":"2021-12-16T15:48:16+00:00","dateModified":"2023-09-12T16:04:52+00:00","description":"Experience the best of the suburbs and the city by moving into a South Shore Montreal neighborhood located near QuartierDIX30.","breadcrumb":{"@id":"https:\/\/vivreblum.com\/en\/neighbourhood\/#breadcrumb"},"inLanguage":"en-US","potentialAction":[{"@type":"ReadAction","target":["https:\/\/vivreblum.com\/en\/neighbourhood\/"]}]},{"@type":"BreadcrumbList","@id":"https:\/\/vivreblum.com\/en\/neighbourhood\/#breadcrumb","itemListElement":[{"@type":"ListItem","position":1,"name":"Home","item":"https:\/\/vivreblum.com\/en\/"},{"@type":"ListItem","position":2,"name":"Neighborhood"}]},{"@type":"WebSite","@id":"https:\/\/vivreblum.com\/en\/#website","url":"https:\/\/vivreblum.com\/en\/","name":"Bl\u00fcm","description":"","publisher":{"@id":"https:\/\/vivreblum.com\/en\/#organization"},"potentialAction":[{"@type":"SearchAction","target":{"@type":"EntryPoint","urlTemplate":"https:\/\/vivreblum.com\/en\/?s={search_term_string}"},"query-input":{"@type":"PropertyValueSpecification","valueRequired":true,"valueName":"search_term_string"}}],"inLanguage":"en-US"},{"@type":"Organization","@id":"https:\/\/vivreblum.com\/en\/#organization","name":"Le Bl\u00fcm Brossard","url":"https:\/\/vivreblum.com\/en\/","logo":{"@type":"ImageObject","inLanguage":"en-US","@id":"https:\/\/vivreblum.com\/en\/#\/schema\/logo\/image\/","url":"https:\/\/vivreblum.com\/wp-content\/uploads\/2022\/02\/Image-OG_Blum-Brossard.jpg","contentUrl":"https:\/\/vivreblum.com\/wp-content\/uploads\/2022\/02\/Image-OG_Blum-Brossard.jpg","width":1200,"height":630,"caption":"Le Bl\u00fcm Brossard"},"image":{"@id":"https:\/\/vivreblum.com\/en\/#\/schema\/logo\/image\/"},"sameAs":["https:\/\/www.facebook.com\/vivreblum"]}]}},"_links":{"self":[{"href":"https:\/\/vivreblum.com\/en\/wp-json\/wp\/v2\/pages\/366","targetHints":{"allow":["GET"]}}],"collection":[{"href":"https:\/\/vivreblum.com\/en\/wp-json\/wp\/v2\/pages"}],"about":[{"href":"https:\/\/vivreblum.com\/en\/wp-json\/wp\/v2\/types\/page"}],"author":[{"embeddable":true,"href":"https:\/\/vivreblum.com\/en\/wp-json\/wp\/v2\/users\/9"}],"replies":[{"embeddable":true,"href":"https:\/\/vivreblum.com\/en\/wp-json\/wp\/v2\/comments?post=366"}],"version-history":[{"count":0,"href":"https:\/\/vivreblum.com\/en\/wp-json\/wp\/v2\/pages\/366\/revisions"}],"wp:attachment":[{"href":"https:\/\/vivreblum.com\/en\/wp-json\/wp\/v2\/media?parent=366"}],"curies":[{"name":"wp","href":"https:\/\/api.w.org\/{rel}","templated":true}]}}